{"id":2596,"date":"2020-10-02T19:12:27","date_gmt":"2020-10-03T01:12:27","guid":{"rendered":"https:\/\/www.instcervantes.edu.mx\/inicio\/?page_id=2596"},"modified":"2021-03-17T18:33:19","modified_gmt":"2021-03-18T01:33:19","slug":"aviso-legal","status":"publish","type":"page","link":"https:\/\/www.instcervantes.edu.mx\/inicio\/aviso-legal\/","title":{"rendered":"AVISO LEGAL"},"content":{"rendered":"<div class=\"fusion-fullwidth fullwidth-box fusion-builder-row-1 fusion-flex-container nonhundred-percent-fullwidth non-hundred-percent-height-scrolling\" style=\"--awb-border-radius-top-left:0px;--awb-border-radius-top-right:0px;--awb-border-radius-bottom-right:0px;--awb-border-radius-bottom-left:0px;--awb-flex-wrap:wrap;\" ><div class=\"fusion-builder-row fusion-row fusion-flex-align-items-flex-start fusion-flex-content-wrap\" style=\"max-width:1331.2px;margin-left: calc(-4% \/ 2 );margin-right: calc(-4% \/ 2 );\"><div class=\"fusion-layout-column fusion_builder_column fusion-builder-column-0 fusion_builder_column_1_1 1_1 fusion-flex-column\" style=\"--awb-bg-size:cover;--awb-width-large:100%;--awb-margin-top-large:10px;--awb-spacing-right-large:1.92%;--awb-margin-bottom-large:10px;--awb-spacing-left-large:1.92%;--awb-width-medium:100%;--awb-order-medium:0;--awb-spacing-right-medium:1.92%;--awb-spacing-left-medium:1.92%;--awb-width-small:100%;--awb-order-small:0;--awb-spacing-right-small:1.92%;--awb-spacing-left-small:1.92%;\"><div class=\"fusion-column-wrapper fusion-column-has-shadow fusion-flex-justify-content-flex-start fusion-content-layout-column\"><div class=\"fusion-text fusion-text-1\"><p style=\"text-align: justify;\"><span data-fusion-font=\"true\" style=\"font-size: 18px;\">T\u00c9RMINOS Y CONDICIONES DE USO DEL SITIO<\/span><\/p>\n<p data-fusion-font=\"true\" style=\"text-align: justify;\"><span style=\"font-weight: normal;\">Los t\u00e9rminos de uso que a continuaci\u00f3n se presentan (en lo sucesivo los T\u00c9RMINOS DE USO) constituyen el acuerdo entre el INSTITUTO MIGUEL DE CERVANTES SAAVEDRA (en lo sucesivo INSTITUTO CERVANTES) y cualquier usuario del SITIO cuya direcci\u00f3n electr\u00f3nica es: <a href=\"https:\/\/www.instcervantes.edu.mx\"><span style=\"color: rgb(0, 0, 0);\">https:\/\/www.instcervantes.edu.mx<\/span><\/a> (en lo sucesivo el SITIO).<\/span><\/p>\n<p data-fusion-font=\"true\" style=\"text-align: justify;\"><span style=\"font-weight: normal;\">La utilizaci\u00f3n del SITIO por parte de cualquier persona, le atribuye la calidad de usuario (en lo sucesivo el USUARIO) y ello implica su adhesi\u00f3n plena e incondicional a estos T\u00c9RMINOS DE USO; en consecuencia es indispensable que el USUARIO los lea previamente y los eval\u00fae de forma cuidadosa, de tal manera que est\u00e9 consciente de que se sujeta a ellos y a las modificaciones que pudieran sufrir, cada vez que accede al SITIO.<\/span><\/p>\n<p data-fusion-font=\"true\" style=\"text-align: justify;\"><span style=\"font-weight: normal;\">Si en cualquier momento el USUARIO no estuviera de acuerdo total o parcialmente con estos T\u00c9RMINOS DE USO, deber\u00e1 abstenerse inmediatamente de usar el SITIO en cualquiera de sus partes o secciones.<\/span><\/p>\n<p data-fusion-font=\"true\" style=\"text-align: justify;\"><span style=\"font-weight: normal;\">El USUARIO est\u00e1 de acuerdo en que en diversas partes del SITIO podr\u00e1 haber estipulaciones especiales que, seg\u00fan sea el caso, sustituir\u00e1n, complementar\u00e1n y\/o modificar\u00e1n los T\u00c9RMINOS DE USO (en lo sucesivo las CONDICIONES PARTICULARES), por tal raz\u00f3n tambi\u00e9n resulta indispensable que el USUARIO las lea previamente en cada caso y de no estar total o parcialmente de acuerdo con ella o ellas, se abstenga de usar la parte o secci\u00f3n del SITIO regulada bajo esa CONDICI\u00d3N o CONDICIONES PARTICULAR(ES). En caso de que el USUARIO utilice la parte del SITIO regulada por una o m\u00e1s CONDICIONES PARTICULARES, se entender\u00e1 que se somete total e incondicionalmente a ellas.<\/span><\/p>\n<p data-fusion-font=\"true\" style=\"text-align: justify;\"><span data-fusion-font=\"true\" style=\"font-size: 18px;\">Acceso y utilizaci\u00f3n del sitio<\/span><\/p>\n<p data-fusion-font=\"true\" style=\"text-align: justify;\"><span style=\"font-weight: normal;\">El acceso y utilizaci\u00f3n del SITIO por parte de INSTITUTO CERVANTES tiene car\u00e1cter gratuito para los USUARIOS.<\/span><\/p>\n<p data-fusion-font=\"true\" style=\"text-align: justify;\"><span style=\"font-weight: normal;\">El USUARIO estar\u00e1 obligado a registrarse o inscribirse en el SITIO, \u00fanicamente cuando se le solicite espec\u00edficamente hacerlo.<\/span><\/p>\n<p data-fusion-font=\"true\" style=\"text-align: justify;\"><span data-fusion-font=\"true\" style=\"font-size: 18px;\">Objeto<\/span><\/p>\n<p data-fusion-font=\"true\" style=\"text-align: justify;\"><span style=\"font-weight: normal;\">A trav\u00e9s del SITIO, el INSTITUTO CERVANTES facilita a los USUARIOS el acceso a informaci\u00f3n diversa proporcionada por INSTITUTO CERVANTES o por personas vinculadas a dicha informaci\u00f3n de manera directa o indirecta (en lo sucesivo los CONTENIDOS).<\/span><\/p>\n<p data-fusion-font=\"true\" style=\"text-align: justify;\"><span style=\"font-weight: normal;\">El USUARIO reconoce que el uso del SITIO no le implica ning\u00fan derecho de propiedad sobre el mismo, cualquiera de sus elementos o CONTENIDOS.<\/span><\/p>\n<p data-fusion-font=\"true\" style=\"text-align: justify;\"><span style=\"font-weight: normal;\">El INSTITUTO CERVANTES se reserva el derecho a modificar en cualquier momento y sin aviso previo la presentaci\u00f3n, configuraci\u00f3n, informaci\u00f3n, CONTENIDOS y en general cualquier parte o aspecto relacionado directa o indirectamente con el SITIO.<\/span><\/p>\n<p data-fusion-font=\"true\" style=\"text-align: justify;\"><span data-fusion-font=\"true\" style=\"font-size: 18px;\">Contenidos<\/span><\/p>\n<p data-fusion-font=\"true\" style=\"text-align: justify;\">Obligaci\u00f3n de hacer uso correcto del sitio y de los contenidos.<\/p>\n<p data-fusion-font=\"true\" style=\"text-align: justify;\"><span style=\"font-weight: normal;\">El USUARIO se compromete a utilizar el SITIO y los CONTENIDOS conforme a las leyes aplicables, a lo dispuesto en estos T\u00c9RMINOS DE USO y con respeto al orden p\u00fablico. El USUARIO se obliga utilizar el SITIO y cualquier CONTENIDO o aspecto relacionado con \u00e9l, de una manera en que no lesione derechos o intereses del INSTITUTO CERVANTES, de personas vinculadas a \u00e9ste directa o indirectamente o de terceros. El USUARIO utilizar\u00e1 el SITIO y\/o los CONTENIDOS de una manera en la que no los da\u00f1e, inutilice, deteriore o menoscabe total o parcialmente.<\/span><\/p>\n<p data-fusion-font=\"true\" style=\"text-align: justify;\">Medios para obtenci\u00f3n de contenidos.<\/p>\n<p data-fusion-font=\"true\" style=\"text-align: justify;\"><span style=\"font-weight: normal;\">El USUARIO deber\u00e1 abstenerse de obtener o intentar obtener informaci\u00f3n, mensajes, gr\u00e1ficos, dibujos, archivos de sonido y\/o imagen, fotograf\u00edas, grabaciones, software y en general, cualquier clase de material accesible a trav\u00e9s del SITIO o de los CONTENIDOS.<\/span><\/p>\n<p data-fusion-font=\"true\" style=\"text-align: justify;\"><span style=\"font-weight: normal;\">Se podr\u00e1 hacer uso de los CONTENIDOS y los elementos que se encuentran en el SITIO empleando para ello \u00fanicamente los medios o procedimientos establecidos e indicados dentro del mismo.<\/span><\/p>\n<p data-fusion-font=\"true\" style=\"text-align: justify;\">Uso correcto de los contenidos.<\/p>\n<p data-fusion-font=\"true\" style=\"text-align: justify;\"><span style=\"font-weight: normal;\">El USUARIO se obliga a usar los CONTENIDOS y los elementos utilizados en el SITIO de forma diligente, correcta y l\u00edcita, y en particular, se compromete a abstenerse de: (a) utilizar los CONTENIDOS de forma, con fines o efectos contrarios a la ley, al orden p\u00fablico y a lo establecido por el INSTITUTO CERVANTES para el uso de este SITIO; (b) copiar, difundir, modificar, reproducir, distribuir o utilizar de cualquier forma con o sin fines de lucro los CONTENIDOS y los elementos utilizados en el SITIO, a menos que se cuente con la autorizaci\u00f3n expresa y por escrito del INSTITUTO CERVANTES; (c) modificar o manipular las marcas, logotipos, avisos comerciales, nombres comerciales y signos distintivos en general del INSTITUTO CERVANTES, del SITIO o de las personas vinculadas directa o indirectamente con el INSTITUTO CERVANTES (salvo que cuente con su autorizaci\u00f3n por escrito), (d) suprimir, eludir o modificar los CONTENIDOS y los elementos utilizados en el SITIO, as\u00ed como los dispositivos t\u00e9cnicos de protecci\u00f3n, o cualquier mecanismo o procedimiento establecido en el SITIO.<\/span><\/p>\n<p data-fusion-font=\"true\" style=\"text-align: justify;\"><span style=\"font-weight: normal;\">El INSTITUTO CERVANTES declara que todos los CONTENIDOS y los elementos utilizados en el SITIO se encuentran debidamente registrados y protegidos bajo las autoridades y leyes correspondientes en M\u00e9xico. El USUARIO se obliga a respetar todos los derechos de la Propiedad Intelectual sobre los CONTENIDOS y los elementos utilizados en el SITIO de los que es titular el INSTITUTO CERVANTES.<\/span><\/p>\n<p data-fusion-font=\"true\" style=\"text-align: justify;\">Utilizaci\u00f3n del sitio, de los contenidos y de los contenidos bajo la exclusiva responsabilidad del usuario.<\/p>\n<p data-fusion-font=\"true\" style=\"text-align: justify;\"><span style=\"font-weight: normal;\">Por el s\u00f3lo hecho de acceder al SITIO, el USUARIO reconoce y acepta que el uso del mismo y de los CONTENIDOS, es bajo su exclusiva y estricta responsabilidad, por lo que el INSTITUTO CERVANTES no ser\u00e1 en ning\u00fan momento y bajo ninguna circunstancia, responsable por cualquier desperfecto o problema que se presentara en el equipo de c\u00f3mputo (hardware) o programas de c\u00f3mputo (software) que utilice el USUARIO para acceder o navegar en cualquier parte del SITIO.<\/span><\/p>\n<p data-fusion-font=\"true\" style=\"text-align: justify;\">Exclusi\u00f3n de garant\u00edas y de responsabilidad.<\/p>\n<p data-fusion-font=\"true\" style=\"text-align: justify;\"><span style=\"font-weight: normal;\">Exclusi\u00f3n de Garant\u00edas y de Responsabilidad por el Funcionamiento del SITIO y de los CONTENIDOS, virus y otros elementos da\u00f1inos. El INSTITUTO CERVANTES no controla y no garantiza la ausencia de virus en los CONTENIDOS, ni la ausencia de otros elementos en los CONTENIDOS que puedan producir alteraciones en el sistema inform\u00e1tico del USUARIO (software y\/o hardware) o en los documentos electr\u00f3nicos y ficheros almacenados en su sistema inform\u00e1tico.<\/span><\/p>\n<p data-fusion-font=\"true\" style=\"text-align: justify;\">Sitios y contenidos ajenos al SITIO y a los CONTENIDOS.<\/p>\n<p data-fusion-font=\"true\" style=\"text-align: justify;\"><span style=\"font-weight: normal;\">Al ser una instituci\u00f3n de car\u00e1cter privado, independiente y ajena a partidarismos pol\u00edticos y religiosos, el INSTITUTO CERVANTES no permite la publicaci\u00f3n de contenidos que contravengan a este car\u00e1cter y se reserva el derecho de aceptar publicar o sugerir sitios, subsitios o material ajenos al SITIO y al INSTITUTO CERVANTES que considere de inter\u00e9s para los USUARIOS. En caso de hacerlo, el INSTITUTO CERVANTES no es responsable en forma alguna de dichos sitios y materiales, as\u00ed como del acceso o uso por parte del USUARIO de los mismos.<\/span><\/p>\n<p data-fusion-font=\"true\" style=\"text-align: justify;\"><span style=\"font-weight: normal;\">De la misma forma cualquier sitio y\/o subsitio en Internet, ajeno al SITIO, puede tener una liga (v\u00ednculo, hiperv\u00ednculo, \u00ablink\u00bb) al SITIO o CONTENIDOS con o sin autorizaci\u00f3n del INSTITUTO CERVANTES. Por lo que el INSTITUTO CERVANTES no es responsable del origen, los usos y destinos de dichos v\u00ednculos. De la misma manera, el responsable de los sitios y\/o subsitios que mencionan o manejan un v\u00ednculo al SITIO y\/o los CONTENIDOS, no est\u00e1 necesariamente autorizado para manejar dichos v\u00ednculos, ni para promover al INSTITUTO CERVANTES, el SITIO o los CONTENIDOS. El INSTITUTO CERVANTES no asume ninguna responsabilidad de dichos sitios, ni de sus contenidos ajenos al SITIO, ni acepta cargo alguno por publicidad, a menos que se cuente con un contrato previamente firmado por las partes.<\/span><\/p>\n<p data-fusion-font=\"true\" style=\"text-align: justify;\">Negaci\u00f3n y retiro del acceso al sitio y\/o a los contenidos.<\/p>\n<p data-fusion-font=\"true\" style=\"text-align: justify;\"><span style=\"font-weight: normal;\">El INSTITUTO CERVANTES se reserva el derecho a negar o retirar el acceso al SITIO y\/o a los CONTENIDOS en cualquier momento y sin de previo aviso, por iniciativa propia o a petici\u00f3n de cualquier persona, a cualquier USUARIO por cualquier motivo, incluyendo sin limitaci\u00f3n a aquellos USUARIOS que den un uso indebido al SITIO, a cualquiera de sus partes o secciones o a los CONTENIDOS, o que incumplan total o parcialmente estos T\u00c9RMINOS DE USO o las CONDICIONES PARTICULARES que resulten aplicables.<\/span><\/p>\n<p data-fusion-font=\"true\" style=\"text-align: justify;\">Duraci\u00f3n y terminaci\u00f3n.<\/p>\n<p data-fusion-font=\"true\" style=\"text-align: justify;\"><span style=\"font-weight: normal;\">El SITIO y los CONTENIDOS tienen una duraci\u00f3n indefinida. Sin embargo, el INSTITUTO CERVANTES podr\u00e1 dar por terminada, suspender o interrumpir en cualquier momento y sin necesidad de previo aviso el SITIO y\/o cualquiera de los CONTENIDOS.<\/span><\/p>\n<p data-fusion-font=\"true\" style=\"text-align: justify;\">Obligaci\u00f3n de observar las Instrucciones.<\/p>\n<p data-fusion-font=\"true\" style=\"text-align: justify;\"><span style=\"font-weight: normal;\">El USUARIO se compromete a seguir al pie de la letra cualquier instrucci\u00f3n impartida por el INSTITUTO CERVANTES o por personal autorizado por el INSTITUTO CERVANTES que se encuentre relacionado con el SITIO, en referencia con cualquier mecanismo o procedimiento establecido para usar el SITIO y los CONTENIDOS. El USUARIO \u00fanicamente deber\u00e1 seguir instrucciones impartidas por INSTITUTO CERVANTES.<\/span><\/p>\n<p data-fusion-font=\"true\" style=\"text-align: justify;\">Responsabilidad por da\u00f1os y perjuicios.<\/p>\n<p data-fusion-font=\"true\" style=\"text-align: justify;\"><span style=\"font-weight: normal;\">Sin perjuicio de lo establecido en el p\u00e1rrafo anterior, en el supuesto de que el INSTITUTO CERVANTES fuera sancionado o condenado por autoridad competente en cualquier procedimiento relacionado con responsabilidad civil, penal, administrativa o de cualquier otra \u00edndole, notificar\u00e1 al USUARIO responsable, quien deber\u00e1 pagar al INSTITUTO CERVANTES la cantidad a que haya sido condenado a cubrir, as\u00ed como las costas, honorarios y dem\u00e1s gastos en que se hubiera incurrido, dentro de los 15 d\u00edas naturales siguientes a la notificaci\u00f3n. En caso de retraso del pago en el t\u00e9rmino indicado, EL USUARIO se obliga a pagar al INSTITUTO CERVANTES por concepto de pena convencional, una cantidad equivalente a la suerte principal.<\/span><\/p>\n<p data-fusion-font=\"true\" style=\"text-align: justify;\">Datos de car\u00e1cter personal.<\/p>\n<p data-fusion-font=\"true\" style=\"text-align: justify;\"><span style=\"font-weight: normal;\">Para utilizar o gozar de algunos de los CONTENIDOS es necesario que el USUARIO proporcione previamente al INSTITUTO CERVANTES ciertos datos de car\u00e1cter personal (en adelante DATOS PERSONALES) que el INSTITUTO CERVANTES podr\u00e1 administrar automatizadamente o no. El USUARIO, al acceder al SITIO o a cualquiera de los CONTENIDOS en que los DATOS PERSONALES son requeridos, est\u00e1 autorizando al INSTITUTO CERVANTES a realizar an\u00e1lisis y estudios con base en ellos.<\/span><\/p>\n<p data-fusion-font=\"true\" style=\"text-align: justify;\"><span style=\"font-weight: normal;\">El USUARIO se obliga a proporcionar DATOS PERSONALES verdaderos y fidedignos, y en caso de que deseara no darlos en las partes del SITIO que se soliciten, deber\u00e1 abstenerse de usar esa o esas partes o secciones del SITIO. En caso de que el USUARIO diera informaci\u00f3n falsa o confusa, el INSTITUTO CERVANTES podr\u00e1 negarle el acceso al SITIO y los CONTENIDOS dentro de \u00e9l, sin perjuicio de que pueda requerirle las indemnizaciones a que hubiere lugar.<\/span><\/p>\n<p data-fusion-font=\"true\" style=\"text-align: justify;\"><span style=\"font-weight: normal;\">Por el hecho de proporcionar sus DATOS PERSONALES en el SITIO, el USUARIO est\u00e1 autorizando a el INSTITUTO CERVANTES a dar a conocer a cualquier autoridad competente la informaci\u00f3n respectiva, en caso de que \u00e9sta sea solicitada por los medios jur\u00eddicos adecuados. El INSTITUTO CERVANTES no compartir\u00e1 informaci\u00f3n personal alguna que haya sido proporcionada, con terceras personas, a menos que sea requerido para proporcionar un servicio o un producto requerido por el USUARIO.<\/span><\/p>\n<p data-fusion-font=\"true\" style=\"text-align: justify;\">Licencia<\/p>\n<p data-fusion-font=\"true\" style=\"text-align: justify;\"><span style=\"font-weight: normal;\">El INSTITUTO CERVANTES autoriza al USUARIO a utilizar el SITIO exclusivamente en los T\u00c9RMINOS Y CONDICIONES aqu\u00ed expresados, sin que ello implique que concede al USUARIO licencia o autorizaci\u00f3n alguna o alg\u00fan tipo de derecho distinto al uso antes mencionado respecto a la \u00abPropiedad Intelectual\u00bb del INSTITUTO CERVANTES. Entendi\u00e9ndose como \u201cPropiedad Intelectual\u201d todas las marcas registradas y\/o usadas en M\u00e9xico o en el extranjero por el INSTITUTO CERVANTES, as\u00ed como todo derecho sobre invenciones (patentadas o no), dise\u00f1os industriales, modelos de utilidad, informaci\u00f3n confidencial, nombres comerciales, avisos comerciales, reservas de derechos, nombres de dominio, as\u00ed como todo tipo de derechos patrimoniales sobre obras y creaciones protegidas por derechos de autor y dem\u00e1s formas de propiedad industrial o intelectual reconocida o que lleguen a reconocer las leyes correspondientes.<\/span><\/p>\n<p data-fusion-font=\"true\" style=\"text-align: justify;\">Otras Disposiciones<\/p>\n<p data-fusion-font=\"true\" style=\"text-align: justify;\"><span style=\"font-weight: normal;\">Forma. El USUARIO acepta que una versi\u00f3n impresa de \u00e9stos TERMINOS Y CONDICIONES, y de cualquier comunicaci\u00f3n enviada y\/o recibida en forma electr\u00f3nica ser\u00e1 admisible como medio probatorio en cualquier procedimiento judicial y\/o administrativo.<\/span><\/p>\n<p data-fusion-font=\"true\" style=\"text-align: justify;\"><span style=\"font-weight: normal;\">Ley aplicable y jurisdicci\u00f3n. En todo lo relacionado con la interpretaci\u00f3n y cumplimiento de lo aqu\u00ed dispuesto, por el s\u00f3lo hecho de acceder al SITIO, los USUARIOS aceptan someterse a las leyes aplicables y a la jurisdicci\u00f3n de los tribunales competentes en M\u00e9xico, renunciado a cualquier otra jurisdicci\u00f3n que por raz\u00f3n de sus domicilios presentes o futuros, o por cualquiera otra raz\u00f3n pudiese corresponderles.<\/span><\/p>\n<p data-fusion-font=\"true\" style=\"text-align: justify;\">Disposiciones ineficaces.<\/p>\n<p data-fusion-font=\"true\" style=\"text-align: justify;\"><span style=\"font-weight: normal;\">En caso de que alguno de los T\u00c9RMINOS Y CONDICIONES aqu\u00ed expresados sea considerado no ejecutable o se declare nulo o inv\u00e1lido de acuerdo con la legislaci\u00f3n aplicable, \u00e9ste ser\u00e1 sustituido por un t\u00e9rmino o condici\u00f3n que sea v\u00e1lido y que pueda cumplir con mayor rigor el objetivo de la disposici\u00f3n no ejecutable o que haya sido declarada nula o inv\u00e1lida. Los dem\u00e1s t\u00e9rminos y condiciones continuar\u00e1n en plena vigencia.<\/span><\/p>\n<p data-fusion-font=\"true\" style=\"text-align: justify;\">Derechos<\/p>\n<p data-fusion-font=\"true\" style=\"text-align: justify;\"><span style=\"font-weight: normal;\">Cualquier derecho que no se haya conferido expresamente en \u00e9ste documento se entiende reservado al INSTITUTO CERVANTES.<\/span><\/p>\n<\/div><\/div><\/div><\/div><\/div>\n","protected":false},"excerpt":{"rendered":"","protected":false},"author":1,"featured_media":0,"parent":0,"menu_order":11,"comment_status":"closed","ping_status":"closed","template":"","meta":{"footnotes":""},"class_list":["post-2596","page","type-page","status-publish","hentry"],"_links":{"self":[{"href":"https:\/\/www.instcervantes.edu.mx\/inicio\/wp-json\/wp\/v2\/pages\/2596","targetHints":{"allow":["GET"]}}],"collection":[{"href":"https:\/\/www.instcervantes.edu.mx\/inicio\/wp-json\/wp\/v2\/pages"}],"about":[{"href":"https:\/\/www.instcervantes.edu.mx\/inicio\/wp-json\/wp\/v2\/types\/page"}],"author":[{"embeddable":true,"href":"https:\/\/www.instcervantes.edu.mx\/inicio\/wp-json\/wp\/v2\/users\/1"}],"replies":[{"embeddable":true,"href":"https:\/\/www.instcervantes.edu.mx\/inicio\/wp-json\/wp\/v2\/comments?post=2596"}],"version-history":[{"count":10,"href":"https:\/\/www.instcervantes.edu.mx\/inicio\/wp-json\/wp\/v2\/pages\/2596\/revisions"}],"predecessor-version":[{"id":2810,"href":"https:\/\/www.instcervantes.edu.mx\/inicio\/wp-json\/wp\/v2\/pages\/2596\/revisions\/2810"}],"wp:attachment":[{"href":"https:\/\/www.instcervantes.edu.mx\/inicio\/wp-json\/wp\/v2\/media?parent=2596"}],"curies":[{"name":"wp","href":"https:\/\/api.w.org\/{rel}","templated":true}]}}