{"id":3181,"date":"2023-08-24T12:58:16","date_gmt":"2023-08-24T18:58:16","guid":{"rendered":"https:\/\/www.instcervantes.edu.mx\/inicio\/?page_id=3181"},"modified":"2023-08-24T13:08:10","modified_gmt":"2023-08-24T19:08:10","slug":"aviso-de-privacidad","status":"publish","type":"page","link":"https:\/\/www.instcervantes.edu.mx\/inicio\/aviso-de-privacidad\/","title":{"rendered":"AVISO DE PRIVACIDAD"},"content":{"rendered":"<div class=\"fusion-fullwidth fullwidth-box fusion-builder-row-1 fusion-flex-container nonhundred-percent-fullwidth non-hundred-percent-height-scrolling\" style=\"--awb-border-radius-top-left:0px;--awb-border-radius-top-right:0px;--awb-border-radius-bottom-right:0px;--awb-border-radius-bottom-left:0px;--awb-flex-wrap:wrap;\" ><div class=\"fusion-builder-row fusion-row fusion-flex-align-items-flex-start fusion-flex-content-wrap\" style=\"max-width:1331.2px;margin-left: calc(-4% \/ 2 );margin-right: calc(-4% \/ 2 );\"><div class=\"fusion-layout-column fusion_builder_column fusion-builder-column-0 fusion_builder_column_1_1 1_1 fusion-flex-column\" style=\"--awb-bg-size:cover;--awb-width-large:100%;--awb-margin-top-large:10px;--awb-spacing-right-large:1.92%;--awb-margin-bottom-large:10px;--awb-spacing-left-large:1.92%;--awb-width-medium:100%;--awb-order-medium:0;--awb-spacing-right-medium:1.92%;--awb-spacing-left-medium:1.92%;--awb-width-small:100%;--awb-order-small:0;--awb-spacing-right-small:1.92%;--awb-spacing-left-small:1.92%;\"><div class=\"fusion-column-wrapper fusion-column-has-shadow fusion-flex-justify-content-flex-start fusion-content-layout-column\"><div class=\"fusion-text fusion-text-1\"><p style=\"text-align: justify; \">\n<p style=\"text-align: justify; \">INSTITUTO \u201cMIGUEL DE CERVANTES SAAVEDRA\u201d, en adelante EL INSTITUTO CERVANTES en cumplimiento al marco jur\u00eddico, con fundamento en los art\u00edculos 15 y 16 de la Ley Federal de Protecci\u00f3n de datos Personales en Posesi\u00f3n de Particulares, pone a su disposici\u00f3n el presente.<\/p>\n<p style=\"text-align: justify; \">En el INSTITUTO CERVANTES una de nuestras prioridades es el cuidado en el manejo de los datos de los estudiantes, padres de familia, tutores, clientes, proveedores, candidatos en proceso de contrataci\u00f3n y trabajadores, es por ello que aplicamos lineamientos, pol\u00edticas y procedimientos para proteger su informaci\u00f3n.<\/p>\n<p style=\"text-align: justify; \">Por lo anterior, a trav\u00e9s del presente AVISO, informamos que su privacidad est\u00e1 siendo considerada. La seguridad de su informaci\u00f3n personal es muy importante; es por ello que protegemos esta informaci\u00f3n mediante el mantenimiento de protecciones f\u00edsicas, electr\u00f3nicas y de procedimiento, capacitando a nuestros trabajadores en el manejo adecuado de su informaci\u00f3n personal, a fin de impedir que terceros no autorizados accedan a la misma.<\/p>\n<p style=\"text-align: justify; \">En virtud de lo antes expuesto, informamos que en cumplimiento a nuestro Programa de Privacidad y a la Ley, los datos personales que obtengamos en virtud de solicitudes de empleo, solicitud de servicios, eventos organizados, as\u00ed como de las operaciones bancarias, para dar cumplimiento a la administraci\u00f3n laboral con motivo de su relaci\u00f3n comercial y\/o de trabajo ser\u00e1n tratados de manera confidencial a trav\u00e9s de los sistemas provistos para tales efectos.<\/p>\n<p style=\"text-align: justify; \">EL INSTITUTO CERVANTES es responsable del tratamiento de sus datos personales, con domicilio en Blvd. Ort\u00edz Mena #43, Colonia Centro, en Hidalgo del Parral, Chihuahua, C\u00f3digo Postal 33800.<\/p>\n<p style=\"text-align: justify; \">Puede contactarnos a trav\u00e9s del siguiente n\u00famero telef\u00f3nico: (627)52-3-36-88 o a trav\u00e9s de correo electr\u00f3nico ing.roberto.mendoza@instcervantes.edu.mx.<\/p>\n<p style=\"text-align: justify; \">Sus datos personales ser\u00e1n utilizados con el siguiente objetivo:<\/p>\n<ul>\n<li>Integraci\u00f3n del expediente personal del alumno, empleados o proveedores.<\/li>\n<li>Otorgamiento de becas.<\/li>\n<li>Proveer la informaci\u00f3n y servicios requeridos por usted.<\/li>\n<li>Enviar avisos y comunicados de importancia referentes a EL INSTITUTO CERVANTES.<\/li>\n<li>Informar sobre eventos o servicios que est\u00e9n relacionados con nuestra actividad.<\/li>\n<li>Dar cumplimiento a obligaciones contra\u00eddas con nuestros clientes y proveedores.<\/li>\n<li>Evaluar la calidad del servicio.<\/li>\n<li>Servicio social.<\/li>\n<li>Educaci\u00f3n continua.<\/li>\n<li>Realizar estudios internos y externos.<\/li>\n<li>Dar seguimiento a nuestra relaci\u00f3n de servicios.<\/li>\n<li>Para an\u00e1lisis estad\u00edstico interno.<\/li>\n<li>Realizar el proceso de reclutamiento y selecci\u00f3n; para dar cumplimiento a lo previsto en lo <span style=\"color: var(--awb-text-color); font-family: var(--awb-text-font-family); font-size: var(--awb-font-size); font-style: var(--awb-text-font-style); font-weight: var(--awb-text-font-weight); letter-spacing: var(--awb-letter-spacing); text-transform: var(--awb-text-transform); background-color: var(--awb-bg-color-hover);\">contratos de trabajo y su administraci\u00f3n con motivo de la vigencia de la relaci\u00f3n laboral.<\/span><\/li>\n<li>En el caso de empleados, para dar cumplimiento a las actividades propias de EL INSTITUTO <span style=\"color: var(--awb-text-color); font-family: var(--awb-text-font-family); font-size: var(--awb-font-size); font-style: var(--awb-text-font-style); font-weight: var(--awb-text-font-weight); letter-spacing: var(--awb-letter-spacing); text-transform: var(--awb-text-transform); background-color: var(--awb-bg-color-hover);\">CERVANTES.<\/span><\/li>\n<li>Integraci\u00f3n y actualizaci\u00f3n de expedientes; as\u00ed como el otorgamiento de est\u00edmulos y <span style=\"color: var(--awb-text-color); font-family: var(--awb-text-font-family); font-size: var(--awb-font-size); font-style: var(--awb-text-font-style); font-weight: var(--awb-text-font-weight); letter-spacing: var(--awb-letter-spacing); text-transform: var(--awb-text-transform); background-color: var(--awb-bg-color-hover);\">reconocimientos.<\/span><\/li>\n<li>En el caso de relaciones profesionales con terceros como parte de la relaci\u00f3n profesional existente.<\/li>\n<li>Dar cumplimiento a obligaciones de car\u00e1cter fiscal y laboral.<\/li>\n<\/ul>\n<p style=\"text-align: justify; \">\n<p style=\"text-align: justify; \">Para el objetivo se\u00f1alado en el presente Aviso de Privacidad, recabamos de forma directa los siguientes datos personales a trav\u00e9s de los formularios de contacto o registro incluidos en nuestro portal de internet.<\/p>\n<p style=\"text-align: justify; \">PERSONAS F\u00cdSICAS:<\/p>\n<ul>\n<li>Nombre (s).<\/li>\n<li>Apellido Paterno.<\/li>\n<li>Apellido Materno.<\/li>\n<li>Correo Electr\u00f3nico.<\/li>\n<li>Tel\u00e9fono.<\/li>\n<li>Domicilio.<\/li>\n<li>Estado.<\/li>\n<li>C\u00f3digo Postal.<\/li>\n<li>Sexo.<\/li>\n<li>Fecha de Nacimiento.<\/li>\n<li>RFC<\/li>\n<li>CURP<\/li>\n<li>NSS<\/li>\n<\/ul>\n<p><span style=\"color: var(--awb-text-color); font-family: var(--awb-text-font-family); font-size: var(--awb-font-size); font-style: var(--awb-text-font-style); font-weight: var(--awb-text-font-weight); letter-spacing: var(--awb-letter-spacing); text-align: var(--awb-content-alignment); text-transform: var(--awb-text-transform); background-color: var(--awb-bg-color);\">PERSONAS JUR\u00cdDICAS:<\/span><\/p>\n<ul>\n<li>Denominaci\u00f3n o raz\u00f3n social.<\/li>\n<li>Datos de acta constitutiva.<\/li>\n<li>Domicilio fiscal.<\/li>\n<li>RFC.<\/li>\n<li>Nombre de representante legal.<\/li>\n<li>Poder de representante legal.<\/li>\n<li>Nombres.<\/li>\n<li>Fotograf\u00edas.<\/li>\n<\/ul>\n<p style=\"text-align: justify; \">Estos datos son proporcionados por usted de manera directa y al hacerlo est\u00e1 aceptando su consentimiento y aceptaci\u00f3n al presente Aviso de Privacidad.<\/p>\n<p style=\"text-align: justify; \">Cuando obtenemos informaci\u00f3n por medio de otras fuentes que est\u00e1n permitidas por la ley, para establecer una relaci\u00f3n comercial y contractual, para el proceso de reclutamiento y selecci\u00f3n, as\u00ed como para dar cumplimiento a lo previsto en los contratos de trabajo y su administraci\u00f3n con motivo de la vigencia de la relaci\u00f3n laboral; de manera enunciativa, m\u00e1s no limitativa, se podr\u00e1 recabar.<\/p>\n<ul>\n<li>Su nombre.<\/li>\n<li>Sexo.<\/li>\n<li>Estado civil.<\/li>\n<li>Lugar y fecha de nacimiento.<\/li>\n<li>Nacionalidad.<\/li>\n<li>Clave del Registro Federal de Contribuyentes.<\/li>\n<li>CURP<\/li>\n<li>N\u00famero de afiliaci\u00f3n al IMSS.<\/li>\n<li>N\u00fameros telef\u00f3nicos.<\/li>\n<li>Domicilio y lugares en los que ha residido.<\/li>\n<li>Estudios realizados.<\/li>\n<li>Datos de la trayectoria laboral.<\/li>\n<li>Estatus m\u00e9dico.<\/li>\n<li>Datos de familia como son: nombres, dependencia, edad, domicilio, ocupaci\u00f3n, residencia.<\/li>\n<li>Nombre, domicilio, ocupaci\u00f3n y tel\u00e9fono de referencias comerciales, personales y laborales.<\/li>\n<\/ul>\n<p style=\"text-align: justify; \">\n<p style=\"text-align: justify; \">EL INSTITUTO CERVANTES recabar\u00e1 y tratar\u00e1 datos sensibles, relacionados con el estado de salud, antecedentes e historial cl\u00ednico, informaci\u00f3n sobre modo de vida y otros datos necesarios o convenientes para los fines arriba se\u00f1alados. Los datos personales sensibles: origen racial o \u00e9tnico, estado de salud presente o futuro, informaci\u00f3n gen\u00e9tica, creencias religiosas, filos\u00f3ficas y morales, afiliaci\u00f3n sindical, opiniones pol\u00edticas, preferencia sexual, ser\u00e1n mantenidos y tratados con estricta seguridad y confidencialidad para fines relacionados con la prestaci\u00f3n de servicios de salud y conforme al presente aviso de privacidad y la legislaci\u00f3n, reglamentos y normativa aplicable.<\/p>\n<p style=\"text-align: justify; \">EL INSTITUTO CERVANTES graba (audios y videos) y toma fotograf\u00edas de los eventos que realiza tales como: festivales, eventos deportivos, clases dentro y fuera del aula, conferencias, seminarios, talleres entre otros. Si usted ingresa a cualquiera de nuestras instalaciones acepta que podr\u00e1 ser grabado y\/o fotografiado, consintiendo que EL INSTITUTO CERVANTES los podr\u00e1 utilizar, distribuir o transmitir para cursos, propaganda y otras actividades seg\u00fan lo establezcan las Pol\u00edticas de Propiedad Intelectual.<\/p>\n<p style=\"text-align: justify; \">De igual forma y por cuestiones de seguridad en las instalaciones de EL INSTITUTO CERVANTES, existen c\u00e1maras de seguridad que monitorean las instalaciones (internas y externas), por lo que al firmar su contrato individual de trabajo o ingresar a las propias instalaciones, acepta su conformidad de ser grabado, consintiendo que EL INSTITUTO CERVANTES las pueda utilizar con los fines antes mencionados.<\/p>\n<p style=\"text-align: justify; \">EL INSTITUTO CERVANTES podr\u00e1 transferir sus datos personales a terceros mexicanos o extranjeros que le provean de servicios necesarios para su debida operaci\u00f3n, as\u00ed como a sus afiliadas, subsidiarias, controladoras, asociadas o sucursales de la misma. En dichos supuestos, le informamos que EL INSTITUTO CERVANTES adoptar\u00e1 las medidas necesarias para que las personas que tengan acceso a sus datos personales cumplan con la pol\u00edtica de privacidad de EL INSTITUTO CERVANTES as\u00ed como con los principios de protecci\u00f3n de datos personales establecidos en la Ley.<\/p>\n<p style=\"text-align: justify; \">Usted o su representante legal debidamente acreditado podr\u00e1n limitar el uso o divulgaci\u00f3n de sus datos personales; asimismo podr\u00e1 ejercer, cuando procedan, los derechos ARCO: Acceso, Rectificaci\u00f3n, Cancelaci\u00f3n u Oposici\u00f3n que la Ley prev\u00e9 mediante solicitud presentada en el domicilio arriba se\u00f1alado; es importante mencionar que el ejercicio de cualquiera de dichos derechos no es requisito previo, ni impide el ejercicio de otro derecho, para lo cual ponemos a su disposici\u00f3n la cuenta de correo electr\u00f3nico ing.roberto.mendoza@instcervantes.edu.mx.<\/p>\n<p style=\"text-align: justify; \">Su petici\u00f3n deber\u00e1 ir acompa\u00f1ada de la siguiente informaci\u00f3n:<\/p>\n<ul>\n<li>Su nombre.<\/li>\n<li>Tel\u00e9fono de contacto.<\/li>\n<li>Motivos de su solicitud de revocaci\u00f3n.<\/li>\n<\/ul>\n<p style=\"text-align: justify; \"> En un plazo m\u00e1ximo de 5 d\u00edas h\u00e1biles, atenderemos su petici\u00f3n y le informaremos sobre el estatus de la misma a trav\u00e9s del correo electr\u00f3nico desde el cual recibimos la solicitud.<\/p>\n<p style=\"text-align: justify; \">La informaci\u00f3n recabada por EL INSTITUTO CERVANTES a trav\u00e9s de www.instcervantes.edu.mx es para uso exclusivo y no ser\u00e1 vendida, compartida o revelada a terceros, excepto en los siguientes casos: a) Cuando sea requerido por una autoridad competente y para cumplimiento del tr\u00e1mite legal correspondiente, b) Cuando a juicio de los administradores y\/o propietarios de este sitio sea necesario para hacer cumplir las condiciones de uso y dem\u00e1s t\u00e9rminos legales de esta p\u00e1gina, o para salvaguardar la integridad de los dem\u00e1s usuarios y\/o del sitio y c) Para uso estad\u00edstico o an\u00e1lisis de los distintos proyectos internos de EL INSTITUTO CERVANTES.<\/p>\n<p style=\"text-align: justify; \">Nos reservamos el derecho de efectuar en cualquier momento modificaciones o actualizaciones al presente Aviso de Privacidad, para la atenci\u00f3n de novedades legislativas, pol\u00edticas internas o nuevos requerimientos para la prestaci\u00f3n u ofrecimiento de nuestros servicios.<\/p>\n<p style=\"text-align: justify; \">Estas modificaciones estar\u00e1n disponibles en la secci\u00f3n de Aviso de Privacidad de nuestro sitio web y\/o se le har\u00e1n llegar a trav\u00e9s del correo electr\u00f3nico que nos haya proporcionado. La fecha de \u00faltima modificaci\u00f3n a este Aviso de Privacidad es del 21 de Agosto 2023.<\/p>\n<p style=\"text-align: justify; \">Cualquier modificaci\u00f3n al presente aviso internet ser\u00e1 publicado en nuestra p\u00e1gina de: <span style=\"color: var(--awb-text-color); font-family: var(--awb-text-font-family); font-size: var(--awb-font-size); font-style: var(--awb-text-font-style); font-weight: var(--awb-text-font-weight); letter-spacing: var(--awb-letter-spacing); text-align: var(--awb-content-alignment); text-transform: var(--awb-text-transform); background-color: var(--awb-bg-color);\"><a href=\"https:\/\/www.instcervantes.edu.mx\/inicio\/\" style=\"color: rgb(0, 0, 0);\"><u>https:\/\/www.instcervantes.edu.mx\/inicio\/<\/u><\/a><\/span><\/p>\n<p style=\"text-align: justify; \">Las cookies son archivos de texto que son descargados autom\u00e1ticamente y almacenados en el disco duro del equipo de c\u00f3mputo del usuario al navegar en una p\u00e1gina de Internet espec\u00edfica, que permiten recordar al servidor de internet algunos datos sobre este usuario, entre ellos, sus preferencias para la visualizaci\u00f3n de las p\u00e1ginas en ese servidor, nombre y contrase\u00f1a.<\/p>\n<p style=\"text-align: justify; \">Por su parte las web beacons son im\u00e1genes insertadas en una p\u00e1gina de internet o correo electr\u00f3nico, que puede ser utilizado para monitorear el comportamiento de un visitante, como almacenar informaci\u00f3n sobre la direcci\u00f3n IP del usuario, duraci\u00f3n del tiempo de interacci\u00f3n en dicha p\u00e1gina y el tipo de navegador utilizado, entre otros.<\/p>\n<p style=\"text-align: justify; \">Le informamos que utilizamos cookies y web beacons para obtener informaci\u00f3n personal de usted, como la siguiente:<\/p>\n<ul>\n<li>Su tipo de navegador y sistema operativo.<\/li>\n<li>Las p\u00e1ginas de internet que visita.<\/li>\n<li>Los v\u00ednculos que sigue.<\/li>\n<li>La direcci\u00f3n IP.<\/li>\n<li>El sitio que visit\u00f3 antes de entrar al nuestro.<\/li>\n<\/ul>\n<p style=\"text-align: justify; \">Estas cookies y otras tecnolog\u00edas pueden ser deshabilitadas. Para conocer c\u00f3mo hacerlo por favor consulte la secci\u00f3n de ayuda de su navegador espec\u00edfico.<\/p>\n<p style=\"text-align: justify; \">Tomamos las precauciones necesarias para mantener su informaci\u00f3n personal segura. Toda informaci\u00f3n personalizada identificable, est\u00e1 sujeta a acceso restringido con la finalidad de evitar acceso a la misma no autorizado, modificaciones o mal uso.<\/p>\n<p style=\"text-align: justify; \">Para proteger los datos personales que reciba EL INSTITUTO CERVANTES, hemos establecido medidas de seguridad tanto administrativas y t\u00e9cnicas, as\u00ed como Vsicas, seg\u00fan sea lo m\u00e1s apropiado de acuerdo al tipo de datos personales en cuesti\u00f3n y el tratamiento al que est\u00e1n sujetos.<\/p>\n<\/p>\n<p style=\"text-align: justify; \"> Si usted considera que su derecho de protecci\u00f3n de datos personales ha sido lesionado por alguna conducta de nuestros empleados o de nuestras acciones o respuestas, presume que en el tratamiento de sus datos personales existe alguna violaci\u00f3n a las disposiciones previstas en la Ley de Protecci\u00f3n de Datos Personales en Posesi\u00f3n de los Particulares, podr\u00e1 interponer la queja o denuncia correspondiente ante el IFAI, para mayor informaci\u00f3n visite <u style=\"color: rgb(0, 0, 0);\"><a href=\"https:\/\/home.inai.org.mx\/\" style=\"color: rgb(0, 0, 0);\">www.ifai.org.mx<\/a><\/u><\/p>\n<p style=\"text-align: center;\">\n<p style=\"text-align: center;\">Hidalgo del Parral, Chihuahua \/ Agosto 2023<\/p>\n<\/div><\/div><\/div><\/div><\/div>\n","protected":false},"excerpt":{"rendered":"","protected":false},"author":1,"featured_media":0,"parent":0,"menu_order":12,"comment_status":"closed","ping_status":"closed","template":"","meta":{"footnotes":""},"class_list":["post-3181","page","type-page","status-publish","hentry"],"_links":{"self":[{"href":"https:\/\/www.instcervantes.edu.mx\/inicio\/wp-json\/wp\/v2\/pages\/3181","targetHints":{"allow":["GET"]}}],"collection":[{"href":"https:\/\/www.instcervantes.edu.mx\/inicio\/wp-json\/wp\/v2\/pages"}],"about":[{"href":"https:\/\/www.instcervantes.edu.mx\/inicio\/wp-json\/wp\/v2\/types\/page"}],"author":[{"embeddable":true,"href":"https:\/\/www.instcervantes.edu.mx\/inicio\/wp-json\/wp\/v2\/users\/1"}],"replies":[{"embeddable":true,"href":"https:\/\/www.instcervantes.edu.mx\/inicio\/wp-json\/wp\/v2\/comments?post=3181"}],"version-history":[{"count":5,"href":"https:\/\/www.instcervantes.edu.mx\/inicio\/wp-json\/wp\/v2\/pages\/3181\/revisions"}],"predecessor-version":[{"id":3186,"href":"https:\/\/www.instcervantes.edu.mx\/inicio\/wp-json\/wp\/v2\/pages\/3181\/revisions\/3186"}],"wp:attachment":[{"href":"https:\/\/www.instcervantes.edu.mx\/inicio\/wp-json\/wp\/v2\/media?parent=3181"}],"curies":[{"name":"wp","href":"https:\/\/api.w.org\/{rel}","templated":true}]}}