{"id":3492,"date":"2025-07-17T14:27:38","date_gmt":"2025-07-17T20:27:38","guid":{"rendered":"https:\/\/www.instcervantes.edu.mx\/inicio\/?page_id=3492"},"modified":"2026-01-30T13:41:43","modified_gmt":"2026-01-30T19:41:43","slug":"descargas","status":"publish","type":"page","link":"https:\/\/www.instcervantes.edu.mx\/inicio\/descargas\/","title":{"rendered":"DESCARGAS"},"content":{"rendered":"<div class=\"fusion-fullwidth fullwidth-box fusion-builder-row-1 fusion-flex-container has-pattern-background has-mask-background nonhundred-percent-fullwidth non-hundred-percent-height-scrolling\" style=\"--awb-border-radius-top-left:0px;--awb-border-radius-top-right:0px;--awb-border-radius-bottom-right:0px;--awb-border-radius-bottom-left:0px;--awb-padding-top:0px;--awb-padding-right:0px;--awb-padding-bottom:0px;--awb-padding-left:0px;--awb-margin-top:0px;--awb-margin-bottom:0px;--awb-flex-wrap:wrap;\" ><div class=\"awb-background-pattern\" style=\"background-image:  url(https:\/\/www.instcervantes.edu.mx\/inicio\/wp-content\/uploads\/2025\/02\/Patron.png);opacity: 0.07 ;background-size:100px;mix-blend-mode:normal;\"><\/div><div class=\"fusion-builder-row fusion-row fusion-flex-align-items-center fusion-flex-justify-content-center fusion-flex-content-wrap\" style=\"max-width:1331.2px;margin-left: calc(-4% \/ 2 );margin-right: calc(-4% \/ 2 );\"><div class=\"fusion-layout-column fusion_builder_column fusion-builder-column-0 fusion_builder_column_1_1 1_1 fusion-flex-column fusion-flex-align-self-center\" style=\"--awb-bg-color:var(--awb-color5);--awb-bg-color-hover:var(--awb-color5);--awb-bg-size:cover;--awb-width-large:100%;--awb-margin-top-large:50px;--awb-spacing-right-large:1.92%;--awb-margin-bottom-large:50px;--awb-spacing-left-large:1.92%;--awb-width-medium:100%;--awb-order-medium:0;--awb-spacing-right-medium:1.92%;--awb-spacing-left-medium:1.92%;--awb-width-small:100%;--awb-order-small:0;--awb-spacing-right-small:1.92%;--awb-spacing-left-small:1.92%;\"><div class=\"fusion-column-wrapper fusion-column-has-shadow fusion-flex-justify-content-center fusion-content-layout-column\"><div class=\"fusion-text fusion-text-1\"><h1 style=\"text-align: center; --fontSize: 60; line-height: 1;\" data-fontsize=\"60\" data-lineheight=\"60px\" class=\"fusion-responsive-typography-calculated\"><span style=\"color: rgb(0, 0, 0); line-height: 60px;\" data-fusion-font=\"true\">LOGOTIPO INSTITUCIONAL<\/span><\/h1>\n<\/div><div class=\"fusion-image-element \" style=\"--awb-caption-title-font-family:var(--h2_typography-font-family);--awb-caption-title-font-weight:var(--h2_typography-font-weight);--awb-caption-title-font-style:var(--h2_typography-font-style);--awb-caption-title-size:var(--h2_typography-font-size);--awb-caption-title-transform:var(--h2_typography-text-transform);--awb-caption-title-line-height:var(--h2_typography-line-height);--awb-caption-title-letter-spacing:var(--h2_typography-letter-spacing);\"><span class=\" fusion-imageframe imageframe-none imageframe-1 hover-type-none\"><img decoding=\"async\" width=\"2950\" height=\"690\" title=\"Logo Cervantes\" src=\"https:\/\/www.instcervantes.edu.mx\/inicio\/wp-content\/uploads\/2020\/09\/Logo-Cervantes.png\" alt class=\"img-responsive wp-image-2236\" srcset=\"https:\/\/www.instcervantes.edu.mx\/inicio\/wp-content\/uploads\/2020\/09\/Logo-Cervantes-200x47.png 200w, https:\/\/www.instcervantes.edu.mx\/inicio\/wp-content\/uploads\/2020\/09\/Logo-Cervantes-400x94.png 400w, https:\/\/www.instcervantes.edu.mx\/inicio\/wp-content\/uploads\/2020\/09\/Logo-Cervantes-600x140.png 600w, https:\/\/www.instcervantes.edu.mx\/inicio\/wp-content\/uploads\/2020\/09\/Logo-Cervantes-800x187.png 800w, https:\/\/www.instcervantes.edu.mx\/inicio\/wp-content\/uploads\/2020\/09\/Logo-Cervantes-1200x281.png 1200w, https:\/\/www.instcervantes.edu.mx\/inicio\/wp-content\/uploads\/2020\/09\/Logo-Cervantes.png 2950w\" sizes=\"(max-width: 1024px) 100vw, (max-width: 640px) 100vw, 2950px\" \/><\/span><\/div><div class=\"fusion-alert alert custom alert-custom fusion-alert-center awb-alert-native-link-color\" style=\"--awb-background-color:var(--awb-color5);--awb-accent-color:var(--awb-color6);--awb-border-top-left-radius:0px;--awb-border-top-right-radius:0px;--awb-border-bottom-left-radius:0px;--awb-border-bottom-right-radius:0px;--awb-margin-top:50px;--awb-padding-top:5px;--awb-padding-bottom:5px;\" role=\"alert\"><div class=\"fusion-alert-content-wrapper\"><span class=\"fusion-alert-content\"><small><strong>Aviso sobre el uso del Logotipo Institucional<\/strong><\/small><br \/><small><small><\/p>\n<p style=\"text-align: justify;\">El logotipo institucional que se pone a disposici\u00f3n en esta secci\u00f3n es de uso exclusivo para fines acad\u00e9micos, informativos o de difusi\u00f3n relacionados con la Escuela. El uso del logotipo en cualquier documento o medio digital no implica, bajo ninguna circunstancia, que dicho material tenga car\u00e1cter oficial o reconocimiento por parte de la instituci\u00f3n. Queda estrictamente prohibido el uso del logotipo para fines comerciales, pol\u00edticos, partidistas, lucrativos o cualquier otro que contravenga lo dispuesto por la Ley Federal del Derecho de Autor, la Ley General de Bienes Nacionales y dem\u00e1s disposiciones aplicables en materia de imagen institucional y propiedad intelectual.<\/p>\n<p><\/small><\/small><\/span><\/div><\/div><\/div><\/div><div class=\"fusion-layout-column fusion_builder_column fusion-builder-column-1 fusion_builder_column_1_1 1_1 fusion-flex-column fusion-flex-align-self-center\" style=\"--awb-bg-color:var(--awb-color5);--awb-bg-color-hover:var(--awb-color5);--awb-bg-size:cover;--awb-width-large:100%;--awb-margin-top-large:50px;--awb-spacing-right-large:1.92%;--awb-margin-bottom-large:50px;--awb-spacing-left-large:1.92%;--awb-width-medium:100%;--awb-order-medium:0;--awb-spacing-right-medium:1.92%;--awb-spacing-left-medium:1.92%;--awb-width-small:100%;--awb-order-small:0;--awb-spacing-right-small:1.92%;--awb-spacing-left-small:1.92%;\"><div class=\"fusion-column-wrapper fusion-column-has-shadow fusion-flex-justify-content-center fusion-content-layout-column\"><div class=\"fusion-text fusion-text-2\"><h1 style=\"text-align: center; --fontSize: 60; line-height: 1;\" data-fontsize=\"60\" data-lineheight=\"60px\" class=\"fusion-responsive-typography-calculated\"><span style=\"color: rgb(0, 0, 0); line-height: 60px;\" data-fusion-font=\"true\">CICLO ESCOLAR 2025-2026<\/span><\/h1>\n<h2 style=\"text-align: left; --fontSize: 40; line-height: 1.25;\" data-fontsize=\"40\" data-lineheight=\"50px\" class=\"fusion-responsive-typography-calculated\"><span style=\"font-size: 40px; line-height: 60px;\" data-fusion-font=\"true\">SECUNDARIA:<\/span><\/h2>\n<\/div><div class=\"fusion-builder-row fusion-builder-row-inner fusion-row fusion-flex-align-items-center fusion-flex-justify-content-center fusion-flex-content-wrap\" style=\"--awb-flex-grow:0;--awb-flex-grow-medium:0;--awb-flex-grow-small:0;--awb-flex-shrink:0;--awb-flex-shrink-medium:0;--awb-flex-shrink-small:0;width:104% !important;max-width:104% !important;margin-left: calc(-4% \/ 2 );margin-right: calc(-4% \/ 2 );\"><div class=\"fusion-layout-column fusion_builder_column_inner fusion-builder-nested-column-0 fusion_builder_column_inner_1_3 1_3 fusion-flex-column\" style=\"--awb-bg-color:var(--awb-color1);--awb-bg-color-hover:var(--awb-color1);--awb-bg-size:cover;--awb-width-large:33.333333333333%;--awb-margin-top-large:10px;--awb-spacing-right-large:5.76%;--awb-margin-bottom-large:10px;--awb-spacing-left-large:5.76%;--awb-width-medium:100%;--awb-order-medium:0;--awb-spacing-right-medium:1.92%;--awb-spacing-left-medium:1.92%;--awb-width-small:100%;--awb-order-small:0;--awb-spacing-right-small:1.92%;--awb-spacing-left-small:1.92%;\"><div class=\"fusion-column-wrapper fusion-column-has-shadow fusion-flex-justify-content-flex-start fusion-content-layout-column\"><div class=\"fusion-text fusion-text-3\"><h5 style=\"text-align: center; line-height: 1.2; --fontSize: 15; --minFontSize: 15;\" data-fusion-font=\"true\" data-fontsize=\"15\" data-lineheight=\"18px\" class=\"fusion-responsive-typography-calculated\">1\u00ba A\u00d1O<\/h5>\n<p style=\"text-align: center;\"><a href=\"https:\/\/www.instcervantes.edu.mx\/inicio\/wp-content\/uploads\/2025\/07\/1-Secundaria.pdf\" style=\"color: rgb(0, 0, 0);\">Lista de \u00datiles<\/a><\/p>\n<p style=\"text-align: center;\"><a href=\"https:\/\/www.instcervantes.edu.mx\/inicio\/wp-content\/uploads\/2025\/08\/Portadas-1-Secundaria.pdf\" style=\"color: rgb(0, 0, 0);\">Portadas de Cuadernos<\/a><\/p>\n<\/div><\/div><\/div><div class=\"fusion-layout-column fusion_builder_column_inner fusion-builder-nested-column-1 fusion_builder_column_inner_1_3 1_3 fusion-flex-column\" style=\"--awb-bg-color:var(--awb-color1);--awb-bg-color-hover:var(--awb-color1);--awb-bg-size:cover;--awb-width-large:33.333333333333%;--awb-margin-top-large:10px;--awb-spacing-right-large:5.76%;--awb-margin-bottom-large:10px;--awb-spacing-left-large:5.76%;--awb-width-medium:100%;--awb-order-medium:0;--awb-spacing-right-medium:1.92%;--awb-spacing-left-medium:1.92%;--awb-width-small:100%;--awb-order-small:0;--awb-spacing-right-small:1.92%;--awb-spacing-left-small:1.92%;\"><div class=\"fusion-column-wrapper fusion-column-has-shadow fusion-flex-justify-content-flex-start fusion-content-layout-column\"><div class=\"fusion-text fusion-text-4\"><h5 style=\"text-align: center; line-height: 1.2; --fontSize: 15; --minFontSize: 15;\" data-fusion-font=\"true\" data-fontsize=\"15\" data-lineheight=\"18px\" class=\"fusion-responsive-typography-calculated\">2\u00ba A\u00d1O<\/h5>\n<p style=\"text-align: center; \"><a href=\"https:\/\/www.instcervantes.edu.mx\/inicio\/wp-content\/uploads\/2025\/07\/2-Secundaria.pdf\" style=\"color: rgb(0, 0, 0);\">Lista de \u00datiles<\/a><\/p>\n<p style=\"text-align: center; \"><a href=\"https:\/\/www.instcervantes.edu.mx\/inicio\/wp-content\/uploads\/2025\/09\/Portadas-2-Secundaria.pdf\" style=\"color: rgb(0, 0, 0);\">Portadas de Cuadernos<\/a><\/p>\n<\/div><\/div><\/div><div class=\"fusion-layout-column fusion_builder_column_inner fusion-builder-nested-column-2 fusion_builder_column_inner_1_3 1_3 fusion-flex-column\" style=\"--awb-bg-color:var(--awb-color1);--awb-bg-color-hover:var(--awb-color1);--awb-bg-size:cover;--awb-width-large:33.333333333333%;--awb-margin-top-large:10px;--awb-spacing-right-large:5.76%;--awb-margin-bottom-large:10px;--awb-spacing-left-large:5.76%;--awb-width-medium:100%;--awb-order-medium:0;--awb-spacing-right-medium:1.92%;--awb-spacing-left-medium:1.92%;--awb-width-small:100%;--awb-order-small:0;--awb-spacing-right-small:1.92%;--awb-spacing-left-small:1.92%;\"><div class=\"fusion-column-wrapper fusion-column-has-shadow fusion-flex-justify-content-flex-start fusion-content-layout-column\"><div class=\"fusion-text fusion-text-5\"><h5 style=\"text-align: center; line-height: 1.2; --fontSize: 15; --minFontSize: 15;\" data-fusion-font=\"true\" data-fontsize=\"15\" data-lineheight=\"18px\" class=\"fusion-responsive-typography-calculated\">3\u00ba A\u00d1O<\/h5>\n<p style=\"text-align: center; \"><a href=\"https:\/\/www.instcervantes.edu.mx\/inicio\/wp-content\/uploads\/2025\/07\/3-Secundaria.pdf\" style=\"color: rgb(0, 0, 0);\">Lista de \u00datiles<\/a><\/p>\n<p style=\"text-align: center; \"><a href=\"https:\/\/www.instcervantes.edu.mx\/inicio\/wp-content\/uploads\/2025\/09\/Portadas-3-Secundaria.pdf\" style=\"color: rgb(0, 0, 0);\">Portadas de Cuadernos<\/a><\/p>\n<\/div><\/div><\/div><\/div><div class=\"fusion-text fusion-text-6\"><h1 style=\"text-align: justify; --fontSize: 60; line-height: 1;\" data-fontsize=\"60\" data-lineheight=\"60px\" class=\"fusion-responsive-typography-calculated\"><span style=\"font-size: 40px; font-weight: 500; text-align: left; background-color: rgba(0, 0, 0, 0);\">PREPARATORIA:<\/span><\/h1>\n<\/div><div class=\"fusion-builder-row fusion-builder-row-inner fusion-row fusion-flex-align-items-center fusion-flex-justify-content-center fusion-flex-content-wrap\" style=\"--awb-flex-grow:0;--awb-flex-grow-medium:0;--awb-flex-grow-small:0;--awb-flex-shrink:0;--awb-flex-shrink-medium:0;--awb-flex-shrink-small:0;width:104% !important;max-width:104% !important;margin-left: calc(-4% \/ 2 );margin-right: calc(-4% \/ 2 );\"><div class=\"fusion-layout-column fusion_builder_column_inner fusion-builder-nested-column-3 fusion_builder_column_inner_1_3 1_3 fusion-flex-column\" style=\"--awb-bg-color:var(--awb-color1);--awb-bg-color-hover:var(--awb-color1);--awb-bg-size:cover;--awb-width-large:33.333333333333%;--awb-margin-top-large:10px;--awb-spacing-right-large:5.76%;--awb-margin-bottom-large:10px;--awb-spacing-left-large:5.76%;--awb-width-medium:100%;--awb-order-medium:0;--awb-spacing-right-medium:1.92%;--awb-spacing-left-medium:1.92%;--awb-width-small:100%;--awb-order-small:0;--awb-spacing-right-small:1.92%;--awb-spacing-left-small:1.92%;\"><div class=\"fusion-column-wrapper fusion-column-has-shadow fusion-flex-justify-content-flex-start fusion-content-layout-column\"><div class=\"fusion-text fusion-text-7\"><h5 style=\"text-align: center; line-height: 1.2; --fontSize: 15; --minFontSize: 15;\" data-fusion-font=\"true\" data-fontsize=\"15\" data-lineheight=\"18px\" class=\"fusion-responsive-typography-calculated\">2\u00ba SEMESTRE<\/h5>\n<p style=\"text-align: center;\"><a href=\"https:\/\/www.instcervantes.edu.mx\/inicio\/wp-content\/uploads\/2025\/07\/1-Preparatoria.pdf\" style=\"color: rgb(0, 0, 0);\">Lista de \u00datiles<\/a><\/p>\n<p style=\"text-align: center;\"><a href=\"https:\/\/www.instcervantes.edu.mx\/inicio\/wp-content\/uploads\/2026\/01\/2-Semestre.zip\"><span style=\"color: rgb(0, 0, 0);\">Portadas de Cuadernos<\/span><\/a><\/p>\n<\/div><\/div><\/div><div class=\"fusion-layout-column fusion_builder_column_inner fusion-builder-nested-column-4 fusion_builder_column_inner_1_3 1_3 fusion-flex-column\" style=\"--awb-bg-color:var(--awb-color1);--awb-bg-color-hover:var(--awb-color1);--awb-bg-size:cover;--awb-width-large:33.333333333333%;--awb-margin-top-large:10px;--awb-spacing-right-large:5.76%;--awb-margin-bottom-large:10px;--awb-spacing-left-large:5.76%;--awb-width-medium:100%;--awb-order-medium:0;--awb-spacing-right-medium:1.92%;--awb-spacing-left-medium:1.92%;--awb-width-small:100%;--awb-order-small:0;--awb-spacing-right-small:1.92%;--awb-spacing-left-small:1.92%;\"><div class=\"fusion-column-wrapper fusion-column-has-shadow fusion-flex-justify-content-flex-start fusion-content-layout-column\"><div class=\"fusion-text fusion-text-8\"><h5 style=\"text-align: center; line-height: 1.2; --fontSize: 15; --minFontSize: 15;\" data-fusion-font=\"true\" data-fontsize=\"15\" data-lineheight=\"18px\" class=\"fusion-responsive-typography-calculated\">4\u00ba SEMESTRE<\/h5>\n<p style=\"text-align: center; \"><a href=\"https:\/\/www.instcervantes.edu.mx\/inicio\/wp-content\/uploads\/2025\/07\/3-Preparatoria.pdf\" style=\"color: rgb(0, 0, 0);\">Lista de \u00datiles<\/a><\/p>\n<p style=\"text-align: center; \"><a href=\"https:\/\/www.instcervantes.edu.mx\/inicio\/wp-content\/uploads\/2026\/01\/4-Semestre.zip\" style=\"color: rgb(0, 0, 0);\">Portadas de Cuadernos<\/a><\/p>\n<\/div><\/div><\/div><div class=\"fusion-layout-column fusion_builder_column_inner fusion-builder-nested-column-5 fusion_builder_column_inner_1_3 1_3 fusion-flex-column\" style=\"--awb-bg-color:var(--awb-color1);--awb-bg-color-hover:var(--awb-color1);--awb-bg-size:cover;--awb-width-large:33.333333333333%;--awb-margin-top-large:10px;--awb-spacing-right-large:5.76%;--awb-margin-bottom-large:10px;--awb-spacing-left-large:5.76%;--awb-width-medium:100%;--awb-order-medium:0;--awb-spacing-right-medium:1.92%;--awb-spacing-left-medium:1.92%;--awb-width-small:100%;--awb-order-small:0;--awb-spacing-right-small:1.92%;--awb-spacing-left-small:1.92%;\"><div class=\"fusion-column-wrapper fusion-column-has-shadow fusion-flex-justify-content-flex-start fusion-content-layout-column\"><div class=\"fusion-text fusion-text-9\"><h5 style=\"text-align: center; line-height: 1.2; --fontSize: 15; --minFontSize: 15;\" data-fusion-font=\"true\" data-fontsize=\"15\" data-lineheight=\"18px\" class=\"fusion-responsive-typography-calculated\">6\u00ba SEMESTRE<\/h5>\n<p style=\"text-align: center; \"><a href=\"https:\/\/www.instcervantes.edu.mx\/inicio\/wp-content\/uploads\/2025\/07\/5-Preparatoria.pdf\" style=\"color: rgb(0, 0, 0);\">Lista de \u00datiles<\/a><\/p>\n<p style=\"text-align: center; \"><a href=\"https:\/\/www.instcervantes.edu.mx\/inicio\/wp-content\/uploads\/2026\/01\/6-Semestre-1.zip\" style=\"color: rgb(0, 0, 0);\">Portadas de Cuadernos<\/a><\/p>\n<\/div><\/div><\/div><\/div><\/div><\/div><\/div><\/div>\n","protected":false},"excerpt":{"rendered":"","protected":false},"author":1,"featured_media":0,"parent":0,"menu_order":7,"comment_status":"closed","ping_status":"closed","template":"100-width.php","meta":{"footnotes":""},"class_list":["post-3492","page","type-page","status-publish","hentry"],"_links":{"self":[{"href":"https:\/\/www.instcervantes.edu.mx\/inicio\/wp-json\/wp\/v2\/pages\/3492","targetHints":{"allow":["GET"]}}],"collection":[{"href":"https:\/\/www.instcervantes.edu.mx\/inicio\/wp-json\/wp\/v2\/pages"}],"about":[{"href":"https:\/\/www.instcervantes.edu.mx\/inicio\/wp-json\/wp\/v2\/types\/page"}],"author":[{"embeddable":true,"href":"https:\/\/www.instcervantes.edu.mx\/inicio\/wp-json\/wp\/v2\/users\/1"}],"replies":[{"embeddable":true,"href":"https:\/\/www.instcervantes.edu.mx\/inicio\/wp-json\/wp\/v2\/comments?post=3492"}],"version-history":[{"count":25,"href":"https:\/\/www.instcervantes.edu.mx\/inicio\/wp-json\/wp\/v2\/pages\/3492\/revisions"}],"predecessor-version":[{"id":3550,"href":"https:\/\/www.instcervantes.edu.mx\/inicio\/wp-json\/wp\/v2\/pages\/3492\/revisions\/3550"}],"wp:attachment":[{"href":"https:\/\/www.instcervantes.edu.mx\/inicio\/wp-json\/wp\/v2\/media?parent=3492"}],"curies":[{"name":"wp","href":"https:\/\/api.w.org\/{rel}","templated":true}]}}